{"id":929,"date":"2024-02-21T17:04:51","date_gmt":"2024-02-21T22:04:51","guid":{"rendered":"https:\/\/webtechnology.com.co\/tienda\/?page_id=929"},"modified":"2024-02-22T10:42:59","modified_gmt":"2024-02-22T15:42:59","slug":"quienes-somos","status":"publish","type":"page","link":"https:\/\/webtechnology.com.co\/tienda\/quienes-somos\/","title":{"rendered":"Quienes somos"},"content":{"rendered":"\n<div class=\"wp-block-group alignfull has-accent-background-color has-background has-global-padding is-layout-constrained wp-container-core-group-is-layout-669513ed wp-block-group-is-layout-constrained\" style=\"margin-top:0;margin-bottom:0;padding-top:var(--wp--preset--spacing--50);padding-right:var(--wp--preset--spacing--50);padding-bottom:var(--wp--preset--spacing--50);padding-left:var(--wp--preset--spacing--50)\">\n<div class=\"wp-block-columns alignwide is-layout-flex wp-container-core-columns-is-layout-1da03c2a wp-block-columns-is-layout-flex\">\n<div class=\"wp-block-column is-vertically-aligned-stretch is-layout-flow wp-block-column-is-layout-flow\" style=\"flex-basis:50%\">\n<div class=\"wp-block-group is-vertical is-content-justification-stretch is-layout-flex wp-container-core-group-is-layout-444d5ee8 wp-block-group-is-layout-flex\" style=\"min-height:100%\">\n<h2 class=\"wp-block-heading\">Visi\u00f3n<\/h2>\n\n\n\n<p>En Web Technology Colombia, nos esforzamos cada d\u00eda por convertirnos en una empresa l\u00edder y reconocida en el mercado sostenible de la tecnolog\u00eda. Nuestro objetivo es establecer m\u00faltiples puntos de venta y atenci\u00f3n en todo Antioquia, de manera que podamos brindar servicios cercanos y accesibles a nuestros clientes en toda la regi\u00f3n.<\/p>\n\n\n\n<p>Aspiramos a ser un socio integral que satisfaga todas las necesidades tecnol\u00f3gicas de nuestros clientes. Buscamos proporcionar soluciones innovadoras, productos de calidad y un servicio excepcional que supere las expectativas. Nuestro compromiso es estar a la vanguardia de las \u00faltimas tendencias tecnol\u00f3gicas y brindar un soporte confiable y confiable en todo momento.<\/p>\n\n\n\n<p>A trav\u00e9s de nuestro enfoque en la sostenibilidad y el desarrollo tecnol\u00f3gico, nos esforzamos por marcar una diferencia positiva en la comunidad y contribuir al crecimiento y \u00e9xito de nuestros clientes en su viaje tecnol\u00f3gico.<\/p>\n\n\n\n<div class=\"wp-block-group has-global-padding is-content-justification-left is-layout-constrained wp-container-core-group-is-layout-9fe8ed88 wp-block-group-is-layout-constrained\"><\/div>\n<\/div>\n<\/div>\n\n\n\n<div class=\"wp-block-column is-vertically-aligned-center is-layout-flow wp-block-column-is-layout-flow\" style=\"flex-basis:50%\">\n<figure class=\"wp-block-image size-full is-style-rounded is-style-rounded--1\"><img loading=\"lazy\" decoding=\"async\" width=\"1024\" height=\"1024\" src=\"https:\/\/webtechnology.com.co\/tienda\/wp-content\/uploads\/2024\/02\/WTC-WTS-Vision.jpg\" alt=\"\" class=\"wp-image-930\" style=\"aspect-ratio:3\/4;object-fit:cover\" srcset=\"https:\/\/webtechnology.com.co\/tienda\/wp-content\/uploads\/2024\/02\/WTC-WTS-Vision.jpg 1024w, https:\/\/webtechnology.com.co\/tienda\/wp-content\/uploads\/2024\/02\/WTC-WTS-Vision-300x300.jpg 300w, https:\/\/webtechnology.com.co\/tienda\/wp-content\/uploads\/2024\/02\/WTC-WTS-Vision-150x150.jpg 150w, https:\/\/webtechnology.com.co\/tienda\/wp-content\/uploads\/2024\/02\/WTC-WTS-Vision-768x768.jpg 768w, https:\/\/webtechnology.com.co\/tienda\/wp-content\/uploads\/2024\/02\/WTC-WTS-Vision-600x600.jpg 600w, https:\/\/webtechnology.com.co\/tienda\/wp-content\/uploads\/2024\/02\/WTC-WTS-Vision-100x100.jpg 100w\" sizes=\"auto, (max-width: 1024px) 100vw, 1024px\" \/><\/figure>\n<\/div>\n<\/div>\n<\/div>\n\n\n\n<div class=\"wp-block-group alignfull has-base-background-color has-background has-global-padding is-layout-constrained wp-container-core-group-is-layout-d89aad35 wp-block-group-is-layout-constrained\" style=\"margin-top:0;margin-bottom:0;padding-top:var(--wp--preset--spacing--50);padding-right:var(--wp--preset--spacing--50);padding-bottom:var(--wp--preset--spacing--50);padding-left:var(--wp--preset--spacing--50)\">\n<div class=\"wp-block-columns alignwide is-layout-flex wp-container-core-columns-is-layout-549b0c86 wp-block-columns-is-layout-flex\">\n<div class=\"wp-block-column has-global-padding is-content-justification-left is-layout-constrained wp-container-core-column-is-layout-4f15e8fe wp-block-column-is-layout-constrained\" style=\"flex-basis:40%\">\n<figure class=\"wp-block-image size-full is-resized is-style-rounded is-style-rounded--2\"><img loading=\"lazy\" decoding=\"async\" width=\"1024\" height=\"1024\" src=\"https:\/\/webtechnology.com.co\/tienda\/wp-content\/uploads\/2024\/02\/WTC-WTS-Mision-1.jpg\" alt=\"\" class=\"wp-image-932\" style=\"aspect-ratio:0.75;object-fit:cover;width:345px;height:auto\" srcset=\"https:\/\/webtechnology.com.co\/tienda\/wp-content\/uploads\/2024\/02\/WTC-WTS-Mision-1.jpg 1024w, https:\/\/webtechnology.com.co\/tienda\/wp-content\/uploads\/2024\/02\/WTC-WTS-Mision-1-300x300.jpg 300w, https:\/\/webtechnology.com.co\/tienda\/wp-content\/uploads\/2024\/02\/WTC-WTS-Mision-1-150x150.jpg 150w, https:\/\/webtechnology.com.co\/tienda\/wp-content\/uploads\/2024\/02\/WTC-WTS-Mision-1-768x768.jpg 768w, https:\/\/webtechnology.com.co\/tienda\/wp-content\/uploads\/2024\/02\/WTC-WTS-Mision-1-600x600.jpg 600w, https:\/\/webtechnology.com.co\/tienda\/wp-content\/uploads\/2024\/02\/WTC-WTS-Mision-1-100x100.jpg 100w\" sizes=\"auto, (max-width: 1024px) 100vw, 1024px\" \/><\/figure>\n<\/div>\n\n\n\n<div class=\"wp-block-column is-layout-flow wp-container-core-column-is-layout-119bc444 wp-block-column-is-layout-flow\" style=\"flex-basis:60%\">\n<p class=\"has-heading-font-family has-x-large-font-size\" style=\"line-height:1.2\">Misi\u00f3n<\/p>\n\n\n\n<div class=\"wp-block-columns is-layout-flex wp-container-core-columns-is-layout-87beb0d0 wp-block-columns-is-layout-flex\">\n<div class=\"wp-block-column is-layout-flow wp-block-column-is-layout-flow\">\n<p class=\"wp-container-content-9cfa9a5a\">Nuestra empresa se dedica a proporcionar productos tecnol\u00f3gicos de alta calidad y servicios especializados, que incluyen asesor\u00eda, instalaci\u00f3n y reparaci\u00f3n de equipos tecnol\u00f3gicos. Nuestro enfoque principal es la innovaci\u00f3n en el mercado, con el objetivo de satisfacer las necesidades de nuestros valiosos clientes. Nos esforzamos por brindar soluciones tecnol\u00f3gicas de vanguardia y garantizar la plena satisfacci\u00f3n de nuestros clientes.\u00bb<\/p>\n<\/div>\n<\/div>\n<\/div>\n<\/div>\n<\/div>\n\n\n\n<div class=\"wp-block-group alignfull has-accent-5-background-color has-background has-global-padding is-layout-constrained wp-container-core-group-is-layout-d89aad35 wp-block-group-is-layout-constrained\" style=\"margin-top:0;margin-bottom:0;padding-top:var(--wp--preset--spacing--50);padding-right:var(--wp--preset--spacing--50);padding-bottom:var(--wp--preset--spacing--50);padding-left:var(--wp--preset--spacing--50)\">\n<div class=\"wp-block-columns alignwide is-layout-flex wp-container-core-columns-is-layout-1da03c2a wp-block-columns-is-layout-flex\">\n<div class=\"wp-block-column is-vertically-aligned-center is-layout-flow wp-block-column-is-layout-flow\" style=\"flex-basis:60%\">\n<figure class=\"wp-block-image size-full is-style-rounded wp-duotone-unset-4 is-style-rounded--3\"><img loading=\"lazy\" decoding=\"async\" width=\"1024\" height=\"1024\" src=\"https:\/\/webtechnology.com.co\/tienda\/wp-content\/uploads\/2024\/02\/WTC-WTS-Nuestros_Valores.jpg\" alt=\"\" class=\"wp-image-933\" style=\"aspect-ratio:4\/3;object-fit:cover\" srcset=\"https:\/\/webtechnology.com.co\/tienda\/wp-content\/uploads\/2024\/02\/WTC-WTS-Nuestros_Valores.jpg 1024w, https:\/\/webtechnology.com.co\/tienda\/wp-content\/uploads\/2024\/02\/WTC-WTS-Nuestros_Valores-300x300.jpg 300w, https:\/\/webtechnology.com.co\/tienda\/wp-content\/uploads\/2024\/02\/WTC-WTS-Nuestros_Valores-150x150.jpg 150w, https:\/\/webtechnology.com.co\/tienda\/wp-content\/uploads\/2024\/02\/WTC-WTS-Nuestros_Valores-768x768.jpg 768w, https:\/\/webtechnology.com.co\/tienda\/wp-content\/uploads\/2024\/02\/WTC-WTS-Nuestros_Valores-600x600.jpg 600w, https:\/\/webtechnology.com.co\/tienda\/wp-content\/uploads\/2024\/02\/WTC-WTS-Nuestros_Valores-100x100.jpg 100w\" sizes=\"auto, (max-width: 1024px) 100vw, 1024px\" \/><\/figure>\n<\/div>\n\n\n\n<div class=\"wp-block-column is-layout-flow wp-block-column-is-layout-flow\" style=\"flex-basis:40%\">\n<h2 class=\"wp-block-heading\">Nuestros valores<\/h2>\n\n\n\n<p><br>En Web Technology Colombia, nos guiamos por los siguientes valores fundamentales:<\/p>\n\n\n\n<p>Responsabilidad: Cumplimos puntualmente con nuestros compromisos y asumimos la responsabilidad de nuestras acciones. Siempre nos esforzamos por dar lo mejor de nosotros y estamos dispuestos a enfrentar las consecuencias de nuestros actos.<\/p>\n\n\n\n<p>Vocaci\u00f3n de servicio: Brindamos respuestas oportunas, amables y efectivas a nuestros clientes. Nos esforzamos por agregar valor a nuestro trabajo, generando satisfacci\u00f3n en cada interacci\u00f3n con nuestros clientes.<\/p>\n\n\n\n<p>Calidad: Buscamos la mejora constante en nuestro desempe\u00f1o. Trabajamos en equipo y aplicamos pr\u00e1cticas de mejora continua, compar\u00e1ndonos con los mejores y adoptando las mejores pr\u00e1cticas del sector. Medimos nuestros procesos y mejoramos nuestra gesti\u00f3n con indicadores objetivos, siempre cumpliendo con las entregas a tiempo para garantizar la satisfacci\u00f3n de nuestros clientes.<\/p>\n\n\n\n<p>Comunicaci\u00f3n asertiva: Proporcionamos informaci\u00f3n clara y oportuna sobre los beneficios y caracter\u00edsticas de nuestros productos y servicios. Nos esforzamos por garantizar una comunicaci\u00f3n efectiva, facilitando a nuestros clientes una comprensi\u00f3n completa y precisa de lo que ofrecemos.<\/p>\n\n\n\n<p>Estos valores nos gu\u00edan en cada aspecto de nuestro trabajo y nos ayudan a establecer relaciones s\u00f3lidas y duraderas con nuestros clientes, basadas en la confianza mutua y la excelencia en el servicio.\u00bb<\/p>\n<\/div>\n<\/div>\n<\/div>\n\n\n\n<div class=\"wp-block-group alignfull has-base-background-color has-background has-global-padding is-layout-constrained wp-container-core-group-is-layout-669513ed wp-block-group-is-layout-constrained\" style=\"margin-top:0;margin-bottom:0;padding-top:var(--wp--preset--spacing--50);padding-right:var(--wp--preset--spacing--50);padding-bottom:var(--wp--preset--spacing--50);padding-left:var(--wp--preset--spacing--50)\">\n<div class=\"wp-block-group is-vertical is-content-justification-center is-layout-flex wp-container-core-group-is-layout-ce155fab wp-block-group-is-layout-flex\">\n<h2 class=\"wp-block-heading has-text-align-center has-xx-large-font-size\">Detr\u00e1s de la magia<\/h2>\n\n\n\n<p class=\"has-text-align-center\">Un equipo apasionado por la tecnolog\u00eda y comprometido con tu \u00e9xito.<br><br>En Web Technology Colombia, creemos que la tecnolog\u00eda tiene el poder de transformar vidas y mejorar el mundo. Por eso, nos apasiona brindar a nuestros clientes las mejores soluciones tecnol\u00f3gicas del mercado, acompa\u00f1\u00e1ndolos en cada paso del proceso para asegurar su \u00e9xito.<\/p>\n<\/div>\n\n\n\n<div style=\"height:var(--wp--preset--spacing--30)\" aria-hidden=\"true\" class=\"wp-block-spacer\"><\/div>\n\n\n\n<div class=\"wp-block-columns alignwide has-contrast-3-background-color has-background is-layout-flex wp-container-core-columns-is-layout-5e9a2185 wp-block-columns-is-layout-flex\" style=\"margin-top:var(--wp--preset--spacing--30);margin-bottom:var(--wp--preset--spacing--30);padding-right:var(--wp--preset--spacing--10);padding-left:var(--wp--preset--spacing--10)\">\n<div class=\"wp-block-column is-layout-flow wp-block-column-is-layout-flow\">\n<figure class=\"wp-block-image size-full has-custom-border is-style-rounded is-style-rounded--5\"><img loading=\"lazy\" decoding=\"async\" width=\"1200\" height=\"1200\" src=\"https:\/\/webtechnology.com.co\/tienda\/wp-content\/uploads\/2024\/02\/img-personal.png\" alt=\"\" class=\"has-border-color has-contrast-border-color wp-image-934\" style=\"border-width:10px;border-radius:51px;aspect-ratio:1;object-fit:cover\" srcset=\"https:\/\/webtechnology.com.co\/tienda\/wp-content\/uploads\/2024\/02\/img-personal.png 1200w, https:\/\/webtechnology.com.co\/tienda\/wp-content\/uploads\/2024\/02\/img-personal-300x300.png 300w, https:\/\/webtechnology.com.co\/tienda\/wp-content\/uploads\/2024\/02\/img-personal-1024x1024.png 1024w, https:\/\/webtechnology.com.co\/tienda\/wp-content\/uploads\/2024\/02\/img-personal-150x150.png 150w, https:\/\/webtechnology.com.co\/tienda\/wp-content\/uploads\/2024\/02\/img-personal-768x768.png 768w, https:\/\/webtechnology.com.co\/tienda\/wp-content\/uploads\/2024\/02\/img-personal-600x600.png 600w, https:\/\/webtechnology.com.co\/tienda\/wp-content\/uploads\/2024\/02\/img-personal-100x100.png 100w\" sizes=\"auto, (max-width: 1200px) 100vw, 1200px\" \/><\/figure>\n\n\n\n<div class=\"wp-block-group is-vertical is-content-justification-center is-nowrap is-layout-flex wp-container-core-group-is-layout-21d4e958 wp-block-group-is-layout-flex\">\n<p class=\"has-text-align-center has-small-font-size\"> <strong>Alejandra Guti\u00e9rrez<\/strong> <\/p>\n\n\n\n<p class=\"has-text-align-center has-small-font-size\">Directora general<\/p>\n<\/div>\n<\/div>\n\n\n\n<div class=\"wp-block-column is-layout-flow wp-block-column-is-layout-flow\">\n<figure class=\"wp-block-image size-full has-custom-border is-style-rounded is-style-rounded--6\"><img loading=\"lazy\" decoding=\"async\" width=\"1200\" height=\"1200\" src=\"https:\/\/webtechnology.com.co\/tienda\/wp-content\/uploads\/2024\/02\/img-personal.png\" alt=\"\" class=\"has-border-color wp-image-934\" style=\"border-color:#FFFFFF;border-width:10px;border-radius:50px;aspect-ratio:1;object-fit:cover\" srcset=\"https:\/\/webtechnology.com.co\/tienda\/wp-content\/uploads\/2024\/02\/img-personal.png 1200w, https:\/\/webtechnology.com.co\/tienda\/wp-content\/uploads\/2024\/02\/img-personal-300x300.png 300w, https:\/\/webtechnology.com.co\/tienda\/wp-content\/uploads\/2024\/02\/img-personal-1024x1024.png 1024w, https:\/\/webtechnology.com.co\/tienda\/wp-content\/uploads\/2024\/02\/img-personal-150x150.png 150w, https:\/\/webtechnology.com.co\/tienda\/wp-content\/uploads\/2024\/02\/img-personal-768x768.png 768w, https:\/\/webtechnology.com.co\/tienda\/wp-content\/uploads\/2024\/02\/img-personal-600x600.png 600w, https:\/\/webtechnology.com.co\/tienda\/wp-content\/uploads\/2024\/02\/img-personal-100x100.png 100w\" sizes=\"auto, (max-width: 1200px) 100vw, 1200px\" \/><\/figure>\n\n\n\n<div class=\"wp-block-group is-vertical is-content-justification-center is-nowrap is-layout-flex wp-container-core-group-is-layout-63bfd6c1 wp-block-group-is-layout-flex\">\n<p class=\"has-text-align-center has-small-font-size\"> <strong>Kelly Mu\u00f1oz<\/strong> <\/p>\n\n\n\n<p class=\"has-text-align-center has-small-font-size\">Asesora Comercial<\/p>\n<\/div>\n<\/div>\n\n\n\n<div class=\"wp-block-column is-layout-flow wp-block-column-is-layout-flow\">\n<figure class=\"wp-block-image size-full has-custom-border is-style-rounded is-style-rounded--7\"><img loading=\"lazy\" decoding=\"async\" width=\"1200\" height=\"1200\" src=\"https:\/\/webtechnology.com.co\/tienda\/wp-content\/uploads\/2024\/02\/img-personal.png\" alt=\"\" class=\"has-border-color wp-image-934\" style=\"border-color:#FFFFFF;border-width:10px;border-radius:50px;aspect-ratio:1;object-fit:cover\" srcset=\"https:\/\/webtechnology.com.co\/tienda\/wp-content\/uploads\/2024\/02\/img-personal.png 1200w, https:\/\/webtechnology.com.co\/tienda\/wp-content\/uploads\/2024\/02\/img-personal-300x300.png 300w, https:\/\/webtechnology.com.co\/tienda\/wp-content\/uploads\/2024\/02\/img-personal-1024x1024.png 1024w, https:\/\/webtechnology.com.co\/tienda\/wp-content\/uploads\/2024\/02\/img-personal-150x150.png 150w, https:\/\/webtechnology.com.co\/tienda\/wp-content\/uploads\/2024\/02\/img-personal-768x768.png 768w, https:\/\/webtechnology.com.co\/tienda\/wp-content\/uploads\/2024\/02\/img-personal-600x600.png 600w, https:\/\/webtechnology.com.co\/tienda\/wp-content\/uploads\/2024\/02\/img-personal-100x100.png 100w\" sizes=\"auto, (max-width: 1200px) 100vw, 1200px\" \/><\/figure>\n\n\n\n<div class=\"wp-block-group is-vertical is-content-justification-center is-nowrap is-layout-flex wp-container-core-group-is-layout-63bfd6c1 wp-block-group-is-layout-flex\">\n<p class=\"has-text-align-center has-small-font-size\"> <strong>Adriana  Guti\u00e9rrez<\/strong><\/p>\n\n\n\n<p class=\"has-text-align-center has-small-font-size\">Asesora Comercial<\/p>\n<\/div>\n<\/div>\n\n\n\n<div class=\"wp-block-column is-layout-flow wp-block-column-is-layout-flow\">\n<figure class=\"wp-block-image size-full has-custom-border is-style-rounded is-style-rounded--8\"><img loading=\"lazy\" decoding=\"async\" width=\"1200\" height=\"1200\" src=\"https:\/\/webtechnology.com.co\/tienda\/wp-content\/uploads\/2024\/02\/img-personal.png\" alt=\"\" class=\"has-border-color wp-image-934\" style=\"border-color:#FFFFFF;border-width:10px;border-radius:50px;aspect-ratio:1;object-fit:cover\" srcset=\"https:\/\/webtechnology.com.co\/tienda\/wp-content\/uploads\/2024\/02\/img-personal.png 1200w, https:\/\/webtechnology.com.co\/tienda\/wp-content\/uploads\/2024\/02\/img-personal-300x300.png 300w, https:\/\/webtechnology.com.co\/tienda\/wp-content\/uploads\/2024\/02\/img-personal-1024x1024.png 1024w, https:\/\/webtechnology.com.co\/tienda\/wp-content\/uploads\/2024\/02\/img-personal-150x150.png 150w, https:\/\/webtechnology.com.co\/tienda\/wp-content\/uploads\/2024\/02\/img-personal-768x768.png 768w, https:\/\/webtechnology.com.co\/tienda\/wp-content\/uploads\/2024\/02\/img-personal-600x600.png 600w, https:\/\/webtechnology.com.co\/tienda\/wp-content\/uploads\/2024\/02\/img-personal-100x100.png 100w\" sizes=\"auto, (max-width: 1200px) 100vw, 1200px\" \/><\/figure>\n\n\n\n<div class=\"wp-block-group is-vertical is-content-justification-center is-nowrap is-layout-flex wp-container-core-group-is-layout-21d4e958 wp-block-group-is-layout-flex\">\n<p class=\"has-text-align-center has-small-font-size\"> <strong>Alejandra Ocampo<\/strong> <\/p>\n\n\n\n<p class=\"has-text-align-center has-small-font-size\">Asesora Comercial<\/p>\n<\/div>\n<\/div>\n\n\n\n<div class=\"wp-block-column is-layout-flow wp-block-column-is-layout-flow\">\n<figure class=\"wp-block-image size-full has-custom-border is-style-rounded is-style-rounded--9\"><img loading=\"lazy\" decoding=\"async\" width=\"1200\" height=\"1200\" src=\"https:\/\/webtechnology.com.co\/tienda\/wp-content\/uploads\/2024\/02\/img-personal.png\" alt=\"\" class=\"has-border-color wp-image-934\" style=\"border-color:#FFFFFF;border-width:10px;border-radius:50px;aspect-ratio:1;object-fit:cover\" srcset=\"https:\/\/webtechnology.com.co\/tienda\/wp-content\/uploads\/2024\/02\/img-personal.png 1200w, https:\/\/webtechnology.com.co\/tienda\/wp-content\/uploads\/2024\/02\/img-personal-300x300.png 300w, https:\/\/webtechnology.com.co\/tienda\/wp-content\/uploads\/2024\/02\/img-personal-1024x1024.png 1024w, https:\/\/webtechnology.com.co\/tienda\/wp-content\/uploads\/2024\/02\/img-personal-150x150.png 150w, https:\/\/webtechnology.com.co\/tienda\/wp-content\/uploads\/2024\/02\/img-personal-768x768.png 768w, https:\/\/webtechnology.com.co\/tienda\/wp-content\/uploads\/2024\/02\/img-personal-600x600.png 600w, https:\/\/webtechnology.com.co\/tienda\/wp-content\/uploads\/2024\/02\/img-personal-100x100.png 100w\" sizes=\"auto, (max-width: 1200px) 100vw, 1200px\" \/><\/figure>\n\n\n\n<div class=\"wp-block-group is-vertical is-content-justification-center is-nowrap is-layout-flex wp-container-core-group-is-layout-21d4e958 wp-block-group-is-layout-flex\">\n<p class=\"has-text-align-center has-small-font-size\"> <strong>Sinay Sanchez<\/strong> <\/p>\n\n\n\n<p class=\"has-text-align-center has-small-font-size\">Asesora Comercial<\/p>\n<\/div>\n<\/div>\n<\/div>\n\n\n\n<blockquote class=\"wp-block-quote is-style-plain is-layout-flow wp-block-quote-is-layout-flow is-style-plain--10\">\n<p class=\"has-text-align-center\"><strong>M\u00e1s que un equipo, somos una familia:<\/strong> En Web Technology Colombia, creemos en la importancia del trabajo en equipo y la colaboraci\u00f3n. Por eso, nuestros empleados se caracterizan por su pasi\u00f3n por la tecnolog\u00eda, su compromiso con el cliente y su esp\u00edritu de colaboraci\u00f3n.<\/p>\n\n\n\n<p class=\"has-text-align-center\"><strong>Estamos seguros de que nuestro equipo tiene las habilidades y la experiencia necesarias para ayudarte a alcanzar tus objetivos.<\/strong> Contamos con un amplio cat\u00e1logo de equipos tecnol\u00f3gicos y accesorios de las mejores marcas, as\u00ed como con un servicio de atenci\u00f3n al cliente personalizado y de alta calidad.<\/p>\n\n\n\n<p class=\"has-text-align-center\"><strong>Cont\u00e1ctanos hoy mismo y descubre c\u00f3mo podemos ayudarte a aprovechar al m\u00e1ximo el potencial de la tecnolog\u00eda.<\/strong><\/p>\n<\/blockquote>\n<\/div>\n\n\n","protected":false},"excerpt":{"rendered":"<p>Visi\u00f3n En Web Technology Colombia, nos esforzamos cada d\u00eda por convertirnos en una empresa l\u00edder y reconocida en el mercado sostenible de la tecnolog\u00eda. Nuestro objetivo es establecer m\u00faltiples puntos de venta y atenci\u00f3n en todo Antioquia, de manera que podamos brindar servicios cercanos y accesibles a nuestros clientes en toda la regi\u00f3n. Aspiramos a [&hellip;]<\/p>\n","protected":false},"author":1,"featured_media":0,"parent":0,"menu_order":0,"comment_status":"closed","ping_status":"closed","template":"","meta":{"footnotes":""},"class_list":["post-929","page","type-page","status-publish","hentry"],"jetpack_sharing_enabled":true,"_links":{"self":[{"href":"https:\/\/webtechnology.com.co\/tienda\/wp-json\/wp\/v2\/pages\/929","targetHints":{"allow":["GET"]}}],"collection":[{"href":"https:\/\/webtechnology.com.co\/tienda\/wp-json\/wp\/v2\/pages"}],"about":[{"href":"https:\/\/webtechnology.com.co\/tienda\/wp-json\/wp\/v2\/types\/page"}],"author":[{"embeddable":true,"href":"https:\/\/webtechnology.com.co\/tienda\/wp-json\/wp\/v2\/users\/1"}],"replies":[{"embeddable":true,"href":"https:\/\/webtechnology.com.co\/tienda\/wp-json\/wp\/v2\/comments?post=929"}],"version-history":[{"count":3,"href":"https:\/\/webtechnology.com.co\/tienda\/wp-json\/wp\/v2\/pages\/929\/revisions"}],"predecessor-version":[{"id":939,"href":"https:\/\/webtechnology.com.co\/tienda\/wp-json\/wp\/v2\/pages\/929\/revisions\/939"}],"wp:attachment":[{"href":"https:\/\/webtechnology.com.co\/tienda\/wp-json\/wp\/v2\/media?parent=929"}],"curies":[{"name":"wp","href":"https:\/\/api.w.org\/{rel}","templated":true}]}}